{"id":17,"date":"2025-04-20T08:38:30","date_gmt":"2025-04-20T08:38:30","guid":{"rendered":"https:\/\/iraheidesign.fi\/?page_id=17"},"modified":"2025-05-02T13:28:39","modified_gmt":"2025-05-02T13:28:39","slug":"about","status":"publish","type":"page","link":"https:\/\/iraheidesign.fi\/fi\/about\/","title":{"rendered":"Min\u00e4"},"content":{"rendered":"<div data-elementor-type=\"wp-page\" data-elementor-id=\"17\" class=\"elementor elementor-17\" data-elementor-post-type=\"page\">\n\t\t\t\t<div class=\"elementor-element elementor-element-2f98956a e-con-full e-flex e-con e-parent\" data-id=\"2f98956a\" data-element_type=\"container\" data-e-type=\"container\">\n\t\t<div class=\"elementor-element elementor-element-69aab591 e-con-full e-flex e-con e-child\" data-id=\"69aab591\" data-element_type=\"container\" data-e-type=\"container\" data-settings=\"{&quot;background_background&quot;:&quot;classic&quot;}\">\n\t\t\t\t<div class=\"elementor-element elementor-element-2220c1ec elementor-widget elementor-widget-spacer\" data-id=\"2220c1ec\" data-element_type=\"widget\" data-e-type=\"widget\" data-widget_type=\"spacer.default\">\n\t\t\t\t<div class=\"elementor-widget-container\">\n\t\t\t\t\t\t\t<div class=\"elementor-spacer\">\n\t\t\t<div class=\"elementor-spacer-inner\"><\/div>\n\t\t<\/div>\n\t\t\t\t\t\t<\/div>\n\t\t\t\t<\/div>\n\t\t\t\t<div class=\"elementor-element elementor-element-2a32d86d elementor-hidden-mobile elementor-widget elementor-widget-heading\" data-id=\"2a32d86d\" data-element_type=\"widget\" data-e-type=\"widget\" data-widget_type=\"heading.default\">\n\t\t\t\t<div class=\"elementor-widget-container\">\n\t\t\t\t\t<h2 class=\"elementor-heading-title elementor-size-default\">MIN\u00c4<\/h2>\t\t\t\t<\/div>\n\t\t\t\t<\/div>\n\t\t\t\t<div class=\"elementor-element elementor-element-00ec3ce elementor-hidden-widescreen elementor-hidden-desktop elementor-hidden-laptop elementor-hidden-tablet elementor-widget elementor-widget-heading\" data-id=\"00ec3ce\" data-element_type=\"widget\" data-e-type=\"widget\" data-widget_type=\"heading.default\">\n\t\t\t\t<div class=\"elementor-widget-container\">\n\t\t\t\t\t<h2 class=\"elementor-heading-title elementor-size-default\">MIN\u00c4<\/h2>\t\t\t\t<\/div>\n\t\t\t\t<\/div>\n\t\t\t\t<\/div>\n\t\t<div class=\"elementor-element elementor-element-2bafa255 e-con-full e-flex e-con e-child\" data-id=\"2bafa255\" data-element_type=\"container\" data-e-type=\"container\">\n\t\t\t\t<div class=\"elementor-element elementor-element-86d39f9 elementor-widget elementor-widget-heading\" data-id=\"86d39f9\" data-element_type=\"widget\" data-e-type=\"widget\" data-widget_type=\"heading.default\">\n\t\t\t\t<div class=\"elementor-widget-container\">\n\t\t\t\t\t<h2 class=\"elementor-heading-title elementor-size-default\">OLEN IRA HEIKKINEN\u00a0\n<br>\nMuotoilija ja valokuvaaja \n<br>\nTampereelta.\u00a0<\/h2>\t\t\t\t<\/div>\n\t\t\t\t<\/div>\n\t\t\t\t<div class=\"elementor-element elementor-element-6a6f8d77 elementor-widget elementor-widget-text-editor\" data-id=\"6a6f8d77\" data-element_type=\"widget\" data-e-type=\"widget\" data-widget_type=\"text-editor.default\">\n\t\t\t\t<div class=\"elementor-widget-container\">\n\t\t\t\t\t\t\t\t\t<p class=\"cvGsUA direction-ltr align-start para-style-body\"><span class=\"OYPEnA font-feature-liga-off font-feature-clig-off font-feature-calt-off text-decoration-none text-strikethrough-none\">Valmistuin kev\u00e4\u00e4ll\u00e4 2023 artenomiksi\u00a0p\u00e4\u00e4aineenani vaatetusmuotoilu. Minulle muotoilu on tapa kommunikoida, luoda yhteys ja tulla ymm\u00e4rretyksi. Halu tuottaa tunnekokemuksia visuaalisuuden ja fyysisten materiaalien kautta johdatti minut tekstiili- ja vaatesuunnittelun pariin.\u00a0<\/span><\/p><p class=\"cvGsUA direction-ltr align-start para-style-body\"><span class=\"OYPEnA font-feature-liga-off font-feature-clig-off font-feature-calt-off text-decoration-none text-strikethrough-none\">Suunnitteluprosessini ytimess\u00e4 on konseptin luominen, jonka tavoitteena on ratkaista jokin ongelma. Valokuvaus on tapani tutkia, etsi\u00e4 inspiraatiota ja kertoa tarinaa.<\/span><\/p><p class=\"cvGsUA direction-ltr align-start para-style-body\"><span class=\"OYPEnA font-feature-liga-off font-feature-clig-off font-feature-calt-off text-decoration-none text-strikethrough-none\">Visuaalinen ilmaisu sek\u00e4 suora kosketus materiaaleihin ja v\u00e4reihin ovat oleellinen osa suunnitteluprosessiani.<\/span><\/p><p class=\"cvGsUA direction-ltr align-start para-style-body\"><span class=\"OYPEnA font-feature-liga-off font-feature-clig-off font-feature-calt-off text-decoration-none text-strikethrough-none\">Onnistuneessa muotoiluprojektissa lopputulos on k\u00e4ytt\u00e4j\u00e4lleen kest\u00e4v\u00e4 ja merkityksellinen.<\/span><\/p>\t\t\t\t\t\t\t\t<\/div>\n\t\t\t\t<\/div>\n\t\t\t\t<\/div>\n\t\t\t\t<\/div>\n\t\t\t\t<\/div>","protected":false},"excerpt":{"rendered":"<p>ABOUT ABOUT I\u2019M IRA HEIKKINEN A designer and a photographer from Tampere Finland. I graduated in spring 2023 with a [&hellip;]<\/p>\n","protected":false},"author":1,"featured_media":0,"parent":0,"menu_order":0,"comment_status":"closed","ping_status":"closed","template":"","meta":{"site-sidebar-layout":"no-sidebar","site-content-layout":"","ast-site-content-layout":"full-width-container","site-content-style":"default","site-sidebar-style":"default","ast-global-header-display":"","ast-banner-title-visibility":"","ast-main-header-display":"","ast-hfb-above-header-display":"","ast-hfb-below-header-display":"","ast-hfb-mobile-header-display":"","site-post-title":"disabled","ast-breadcrumbs-content":"","ast-featured-img":"disabled","footer-sml-layout":"","theme-transparent-header-meta":"","adv-header-id-meta":"","stick-header-meta":"","header-above-stick-meta":"","header-main-stick-meta":"","header-below-stick-meta":"","astra-migrate-meta-layouts":"default","ast-page-background-enabled":"default","ast-page-background-meta":{"desktop":{"background-color":"var(--ast-global-color-5)","background-image":"","background-repeat":"repeat","background-position":"center center","background-size":"auto","background-attachment":"scroll","background-type":"","background-media":"","overlay-type":"","overlay-color":"","overlay-opacity":"","overlay-gradient":""},"tablet":{"background-color":"","background-image":"","background-repeat":"repeat","background-position":"center center","background-size":"auto","background-attachment":"scroll","background-type":"","background-media":"","overlay-type":"","overlay-color":"","overlay-opacity":"","overlay-gradient":""},"mobile":{"background-color":"","background-image":"","background-repeat":"repeat","background-position":"center center","background-size":"auto","background-attachment":"scroll","background-type":"","background-media":"","overlay-type":"","overlay-color":"","overlay-opacity":"","overlay-gradient":""}},"ast-content-background-meta":{"desktop":{"background-color":"var(--ast-global-color-4)","background-image":"","background-repeat":"repeat","background-position":"center center","background-size":"auto","background-attachment":"scroll","background-type":"","background-media":"","overlay-type":"","overlay-color":"","overlay-opacity":"","overlay-gradient":""},"tablet":{"background-color":"var(--ast-global-color-4)","background-image":"","background-repeat":"repeat","background-position":"center center","background-size":"auto","background-attachment":"scroll","background-type":"","background-media":"","overlay-type":"","overlay-color":"","overlay-opacity":"","overlay-gradient":""},"mobile":{"background-color":"var(--ast-global-color-4)","background-image":"","background-repeat":"repeat","background-position":"center center","background-size":"auto","background-attachment":"scroll","background-type":"","background-media":"","overlay-type":"","overlay-color":"","overlay-opacity":"","overlay-gradient":""}},"footnotes":""},"class_list":["post-17","page","type-page","status-publish","hentry"],"yoast_head":"<!-- This site is optimized with the Yoast SEO plugin v27.1.1 - https:\/\/yoast.com\/product\/yoast-seo-wordpress\/ -->\n<title>About - IRAHEI Design<\/title>\n<meta name=\"robots\" content=\"index, follow, max-snippet:-1, max-image-preview:large, max-video-preview:-1\" \/>\n<link rel=\"canonical\" href=\"https:\/\/iraheidesign.fi\/fi\/about\/\" \/>\n<meta property=\"og:locale\" content=\"fi_FI\" \/>\n<meta property=\"og:type\" content=\"article\" \/>\n<meta property=\"og:title\" content=\"About - IRAHEI Design\" \/>\n<meta property=\"og:description\" content=\"ABOUT ABOUT I\u2019M IRA HEIKKINEN A designer and a photographer from Tampere Finland. I graduated in spring 2023 with a [&hellip;]\" \/>\n<meta property=\"og:url\" content=\"https:\/\/iraheidesign.fi\/fi\/about\/\" \/>\n<meta property=\"og:site_name\" content=\"IRAHEI Design\" \/>\n<meta property=\"article:modified_time\" content=\"2025-05-02T13:28:39+00:00\" \/>\n<meta name=\"twitter:card\" content=\"summary_large_image\" \/>\n<meta name=\"twitter:label1\" content=\"Arvioitu lukuaika\" \/>\n\t<meta name=\"twitter:data1\" content=\"1 minuutti\" \/>\n<script type=\"application\/ld+json\" class=\"yoast-schema-graph\">{\"@context\":\"https:\/\/schema.org\",\"@graph\":[{\"@type\":\"WebPage\",\"@id\":\"https:\/\/iraheidesign.fi\/about\/\",\"url\":\"https:\/\/iraheidesign.fi\/about\/\",\"name\":\"About - IRAHEI Design\",\"isPartOf\":{\"@id\":\"https:\/\/iraheidesign.fi\/#website\"},\"datePublished\":\"2025-04-20T08:38:30+00:00\",\"dateModified\":\"2025-05-02T13:28:39+00:00\",\"breadcrumb\":{\"@id\":\"https:\/\/iraheidesign.fi\/about\/#breadcrumb\"},\"inLanguage\":\"fi\",\"potentialAction\":[{\"@type\":\"ReadAction\",\"target\":[\"https:\/\/iraheidesign.fi\/about\/\"]}]},{\"@type\":\"BreadcrumbList\",\"@id\":\"https:\/\/iraheidesign.fi\/about\/#breadcrumb\",\"itemListElement\":[{\"@type\":\"ListItem\",\"position\":1,\"name\":\"Etusivu\",\"item\":\"https:\/\/iraheidesign.fi\/\"},{\"@type\":\"ListItem\",\"position\":2,\"name\":\"About\"}]},{\"@type\":\"WebSite\",\"@id\":\"https:\/\/iraheidesign.fi\/#website\",\"url\":\"https:\/\/iraheidesign.fi\/\",\"name\":\"IRAHEI Design\",\"description\":\"Fashion designer and photographer Ira Heikkinen\",\"publisher\":{\"@id\":\"https:\/\/iraheidesign.fi\/#organization\"},\"potentialAction\":[{\"@type\":\"SearchAction\",\"target\":{\"@type\":\"EntryPoint\",\"urlTemplate\":\"https:\/\/iraheidesign.fi\/?s={search_term_string}\"},\"query-input\":{\"@type\":\"PropertyValueSpecification\",\"valueRequired\":true,\"valueName\":\"search_term_string\"}}],\"inLanguage\":\"fi\"},{\"@type\":\"Organization\",\"@id\":\"https:\/\/iraheidesign.fi\/#organization\",\"name\":\"IRAHEI Design\",\"url\":\"https:\/\/iraheidesign.fi\/\",\"logo\":{\"@type\":\"ImageObject\",\"inLanguage\":\"fi\",\"@id\":\"https:\/\/iraheidesign.fi\/#\/schema\/logo\/image\/\",\"url\":\"https:\/\/iraheidesign.fi\/wp-content\/uploads\/2025\/04\/Nimeton-malli-2025-04-20T115130.999.png\",\"contentUrl\":\"https:\/\/iraheidesign.fi\/wp-content\/uploads\/2025\/04\/Nimeton-malli-2025-04-20T115130.999.png\",\"width\":500,\"height\":500,\"caption\":\"IRAHEI Design\"},\"image\":{\"@id\":\"https:\/\/iraheidesign.fi\/#\/schema\/logo\/image\/\"}}]}<\/script>\n<!-- \/ Yoast SEO plugin. -->","yoast_head_json":{"title":"About - IRAHEI Design","robots":{"index":"index","follow":"follow","max-snippet":"max-snippet:-1","max-image-preview":"max-image-preview:large","max-video-preview":"max-video-preview:-1"},"canonical":"https:\/\/iraheidesign.fi\/fi\/about\/","og_locale":"fi_FI","og_type":"article","og_title":"About - IRAHEI Design","og_description":"ABOUT ABOUT I\u2019M IRA HEIKKINEN A designer and a photographer from Tampere Finland. I graduated in spring 2023 with a [&hellip;]","og_url":"https:\/\/iraheidesign.fi\/fi\/about\/","og_site_name":"IRAHEI Design","article_modified_time":"2025-05-02T13:28:39+00:00","twitter_card":"summary_large_image","twitter_misc":{"Arvioitu lukuaika":"1 minuutti"},"schema":{"@context":"https:\/\/schema.org","@graph":[{"@type":"WebPage","@id":"https:\/\/iraheidesign.fi\/about\/","url":"https:\/\/iraheidesign.fi\/about\/","name":"About - IRAHEI Design","isPartOf":{"@id":"https:\/\/iraheidesign.fi\/#website"},"datePublished":"2025-04-20T08:38:30+00:00","dateModified":"2025-05-02T13:28:39+00:00","breadcrumb":{"@id":"https:\/\/iraheidesign.fi\/about\/#breadcrumb"},"inLanguage":"fi","potentialAction":[{"@type":"ReadAction","target":["https:\/\/iraheidesign.fi\/about\/"]}]},{"@type":"BreadcrumbList","@id":"https:\/\/iraheidesign.fi\/about\/#breadcrumb","itemListElement":[{"@type":"ListItem","position":1,"name":"Etusivu","item":"https:\/\/iraheidesign.fi\/"},{"@type":"ListItem","position":2,"name":"About"}]},{"@type":"WebSite","@id":"https:\/\/iraheidesign.fi\/#website","url":"https:\/\/iraheidesign.fi\/","name":"IRAHEI Design","description":"Fashion designer and photographer Ira Heikkinen","publisher":{"@id":"https:\/\/iraheidesign.fi\/#organization"},"potentialAction":[{"@type":"SearchAction","target":{"@type":"EntryPoint","urlTemplate":"https:\/\/iraheidesign.fi\/?s={search_term_string}"},"query-input":{"@type":"PropertyValueSpecification","valueRequired":true,"valueName":"search_term_string"}}],"inLanguage":"fi"},{"@type":"Organization","@id":"https:\/\/iraheidesign.fi\/#organization","name":"IRAHEI Design","url":"https:\/\/iraheidesign.fi\/","logo":{"@type":"ImageObject","inLanguage":"fi","@id":"https:\/\/iraheidesign.fi\/#\/schema\/logo\/image\/","url":"https:\/\/iraheidesign.fi\/wp-content\/uploads\/2025\/04\/Nimeton-malli-2025-04-20T115130.999.png","contentUrl":"https:\/\/iraheidesign.fi\/wp-content\/uploads\/2025\/04\/Nimeton-malli-2025-04-20T115130.999.png","width":500,"height":500,"caption":"IRAHEI Design"},"image":{"@id":"https:\/\/iraheidesign.fi\/#\/schema\/logo\/image\/"}}]}},"_links":{"self":[{"href":"https:\/\/iraheidesign.fi\/fi\/wp-json\/wp\/v2\/pages\/17","targetHints":{"allow":["GET"]}}],"collection":[{"href":"https:\/\/iraheidesign.fi\/fi\/wp-json\/wp\/v2\/pages"}],"about":[{"href":"https:\/\/iraheidesign.fi\/fi\/wp-json\/wp\/v2\/types\/page"}],"author":[{"embeddable":true,"href":"https:\/\/iraheidesign.fi\/fi\/wp-json\/wp\/v2\/users\/1"}],"replies":[{"embeddable":true,"href":"https:\/\/iraheidesign.fi\/fi\/wp-json\/wp\/v2\/comments?post=17"}],"version-history":[{"count":4,"href":"https:\/\/iraheidesign.fi\/fi\/wp-json\/wp\/v2\/pages\/17\/revisions"}],"predecessor-version":[{"id":219,"href":"https:\/\/iraheidesign.fi\/fi\/wp-json\/wp\/v2\/pages\/17\/revisions\/219"}],"wp:attachment":[{"href":"https:\/\/iraheidesign.fi\/fi\/wp-json\/wp\/v2\/media?parent=17"}],"curies":[{"name":"wp","href":"https:\/\/api.w.org\/{rel}","templated":true}]}}